{"id":581,"date":"2024-08-19T10:56:15","date_gmt":"2024-08-19T14:56:15","guid":{"rendered":"https:\/\/mail.talisman-theatre.ca\/?page_id=581"},"modified":"2024-10-07T19:14:04","modified_gmt":"2024-10-07T23:14:04","slug":"sondage-apres-still-life","status":"publish","type":"page","link":"https:\/\/mail.talisman-theatre.ca\/fr\/sondage-apres-still-life\/","title":{"rendered":"Sondage apr\u00e8s Still Life"},"content":{"rendered":"<p>Merci d&#8217;avoir assist\u00e9 \u00e0 la production 2024 de Still Life ! Nous aimerions recueillir quelques impressions sur votre exp\u00e9rience du spectacle. Si vous pouviez prendre un moment pour r\u00e9pondre \u00e0 quelques questions, nous vous en serions tr\u00e8s reconnaissants ! [civicrm component=&#8221;afform&#8221; name=&#8221;afformPostStillLifeSurveyFR1&#8243; hijack=&#8221;0&#8243;]<\/p>\n","protected":false},"excerpt":{"rendered":"<p>Merci d&#8217;avoir assist\u00e9 \u00e0 la production 2024 de Still Life ! Nous aimerions recueillir quelques impressions sur votre exp\u00e9rience du [&hellip;]<\/p>\n","protected":false},"author":4,"featured_media":0,"parent":0,"menu_order":0,"comment_status":"closed","ping_status":"closed","template":"","meta":{"inline_featured_image":false,"site-sidebar-layout":"default","site-content-layout":"","ast-site-content-layout":"default","site-content-style":"default","site-sidebar-style":"default","ast-global-header-display":"","ast-banner-title-visibility":"","ast-main-header-display":"","ast-hfb-above-header-display":"","ast-hfb-below-header-display":"","ast-hfb-mobile-header-display":"","site-post-title":"","ast-breadcrumbs-content":"","ast-featured-img":"","footer-sml-layout":"","ast-disable-related-posts":"","theme-transparent-header-meta":"default","adv-header-id-meta":"","stick-header-meta":"","header-above-stick-meta":"","header-main-stick-meta":"","header-below-stick-meta":"","astra-migrate-meta-layouts":"set","ast-page-background-enabled":"default","ast-page-background-meta":{"desktop":{"background-color":"var(--ast-global-color-4)","background-image":"","background-repeat":"repeat","background-position":"center center","background-size":"auto","background-attachment":"scroll","background-type":"","background-media":"","overlay-type":"","overlay-color":"","overlay-opacity":"","overlay-gradient":""},"tablet":{"background-color":"","background-image":"","background-repeat":"repeat","background-position":"center center","background-size":"auto","background-attachment":"scroll","background-type":"","background-media":"","overlay-type":"","overlay-color":"","overlay-opacity":"","overlay-gradient":""},"mobile":{"background-color":"","background-image":"","background-repeat":"repeat","background-position":"center center","background-size":"auto","background-attachment":"scroll","background-type":"","background-media":"","overlay-type":"","overlay-color":"","overlay-opacity":"","overlay-gradient":""}},"ast-content-background-meta":{"desktop":{"background-color":"var(--ast-global-color-5)","background-image":"","background-repeat":"repeat","background-position":"center center","background-size":"auto","background-attachment":"scroll","background-type":"","background-media":"","overlay-type":"","overlay-color":"","overlay-opacity":"","overlay-gradient":""},"tablet":{"background-color":"var(--ast-global-color-5)","background-image":"","background-repeat":"repeat","background-position":"center center","background-size":"auto","background-attachment":"scroll","background-type":"","background-media":"","overlay-type":"","overlay-color":"","overlay-opacity":"","overlay-gradient":""},"mobile":{"background-color":"var(--ast-global-color-5)","background-image":"","background-repeat":"repeat","background-position":"center center","background-size":"auto","background-attachment":"scroll","background-type":"","background-media":"","overlay-type":"","overlay-color":"","overlay-opacity":"","overlay-gradient":""}},"footnotes":""},"class_list":["post-581","page","type-page","status-publish","hentry"],"_links":{"self":[{"href":"https:\/\/mail.talisman-theatre.ca\/fr\/wp-json\/wp\/v2\/pages\/581","targetHints":{"allow":["GET"]}}],"collection":[{"href":"https:\/\/mail.talisman-theatre.ca\/fr\/wp-json\/wp\/v2\/pages"}],"about":[{"href":"https:\/\/mail.talisman-theatre.ca\/fr\/wp-json\/wp\/v2\/types\/page"}],"author":[{"embeddable":true,"href":"https:\/\/mail.talisman-theatre.ca\/fr\/wp-json\/wp\/v2\/users\/4"}],"replies":[{"embeddable":true,"href":"https:\/\/mail.talisman-theatre.ca\/fr\/wp-json\/wp\/v2\/comments?post=581"}],"version-history":[{"count":4,"href":"https:\/\/mail.talisman-theatre.ca\/fr\/wp-json\/wp\/v2\/pages\/581\/revisions"}],"predecessor-version":[{"id":603,"href":"https:\/\/mail.talisman-theatre.ca\/fr\/wp-json\/wp\/v2\/pages\/581\/revisions\/603"}],"wp:attachment":[{"href":"https:\/\/mail.talisman-theatre.ca\/fr\/wp-json\/wp\/v2\/media?parent=581"}],"curies":[{"name":"wp","href":"https:\/\/api.w.org\/{rel}","templated":true}]}}